{"id":21515,"date":"2020-01-14T17:33:44","date_gmt":"2020-01-14T16:33:44","guid":{"rendered":"https:\/\/www.magex.it\/home\/"},"modified":"2020-09-22T14:00:38","modified_gmt":"2020-09-22T13:00:38","slug":"home","status":"publish","type":"page","link":"https:\/\/magex.point24h.com\/pl\/","title":{"rendered":"Home"},"content":{"rendered":"<div class=\"fusion-fullwidth fullwidth-box fusion-fullwidth-1  fusion-parallax-none nonhundred-percent-fullwidth\" style=\"border-color:#eae9e9;border-bottom-width: 0px;border-top-width: 0px;border-bottom-style: solid;border-top-style: solid;padding-bottom:20px;padding-top:20px;padding-left:;padding-right:;background-color:rgba(255,255,255,0);\"><style type=\"text\/css\" scoped=\"scoped\">.fusion-fullwidth-1 {\r\n                            padding-left: px !important;\r\n                            padding-right: px !important;\r\n                        }<\/style><div class=\"fusion-row\"><div class=\"fusion-sep-clear\"><\/div><div class=\"fusion-separator fusion-full-width-sep sep-none\" style=\"border-color:#e0dede;margin-left: auto;margin-right: auto;margin-top:;\"><\/div><div class=\"fusion-title title fusion-sep-none fusion-title-center fusion-title-size-one\" style=\"margin-top:30px;margin-bottom:30px;\"><h1 class=\"title-heading-center\">\n<h1 style=\"text-align: center;\">INNOWACYJNE DYSTRYBUTORY AUTOMATYCZNE<\/h1>\n<\/h1><\/div><div class=\"fusion-one-fourth fusion-layout-column fusion-spacing-yes\" style=\"margin-top:0px;margin-bottom:20px;\"><div class=\"fusion-column-wrapper\"><div class=\"fusion-clearfix\"><\/div><\/div><\/div><div class=\"fusion-one-fourth fusion-layout-column fusion-spacing-no\" style=\"margin-top:0px;margin-bottom:20px;\"><div class=\"fusion-column-wrapper\"><div class=\"fusion-column-table\"><div class=\"fusion-column-tablecell\"><div class=\"fusion-title title fusion-sep-none fusion-title-size-one\" style=\"margin-top:10px;margin-bottom:30px;\"><h1 class=\"title-heading-right\">\n<h1 style=\"text-align: center;\">.. Od ponad 20 lat!<\/h1>\n<\/h1><\/div><div class=\"fusion-clearfix\"><\/div><\/div><\/div><\/div><\/div><div class=\"fusion-one-fourth fusion-layout-column fusion-spacing-yes\" style=\"margin-top:0px;margin-bottom:20px;\"><div class=\"fusion-column-wrapper\"><div class=\"imageframe-align-center\"><span class=\"fusion-imageframe imageframe-none imageframe-1 hover-type-none\"> <img src=\"https:\/\/www.magex.it\/wp-content\/uploads\/2018\/02\/Schermata-2018-02-28-alle-17.28.46-e1519835385646.png\" alt=\"\" class=\"img-responsive\"\/><\/span><\/div><div class=\"fusion-clearfix\"><\/div><\/div><\/div><div class=\"fusion-one-fourth fusion-layout-column fusion-column-last fusion-spacing-yes\" style=\"margin-top:0px;margin-bottom:20px;\"><div class=\"fusion-column-wrapper\"><div class=\"fusion-clearfix\"><\/div><\/div><\/div><div class=\"fusion-clearfix\"><\/div><div class=\"fusion-sep-clear\"><\/div><div class=\"fusion-separator fusion-full-width-sep sep-none\" style=\"border-color:#e0dede;margin-left: auto;margin-right: auto;margin-top:;\"><\/div><\/div><\/div><div class=\"fusion-fullwidth fullwidth-box fusion-fullwidth-2  fusion-parallax-none hundred-percent-fullwidth fusion-equal-height-columns\" style=\"border-color:#eae9e9;border-bottom-width: 0px;border-top-width: 0px;border-bottom-style: solid;border-top-style: solid;padding-bottom:0px;padding-top:0px;padding-left:0px;padding-right:0px;background-color:rgba(255,255,255,0);\"><style type=\"text\/css\" scoped=\"scoped\">.fusion-fullwidth-2, .fusion-fullwidth-2.fusion-section-separator {\r\n                        padding-left: 0px !important;\r\n                        padding-right: 0px !important;\r\n                    }@media only screen and (max-width: 1170px) {}<\/style><div class=\"fusion-row\"><div class=\"fusion-one-third fusion-layout-column fusion-spacing-no\" style=\"margin-top:0px;margin-bottom:20px;\"><div class=\"fusion-column-wrapper\" style=\"background-color:#3c3c3b;padding:10% 13% 8%;\"><div class=\"fusion-title title fusion-sep-none fusion-title-center fusion-title-size-one\" style=\"margin-top:0px;margin-bottom:15px;\"><h1 class=\"title-heading-center\">\n<h2><span style=\"color: #ffffff;\">Danie jest serwowane&#8230;<\/span><\/h2>\n<h2><span style=\"color: #ffffff;\">Z dystrybutora automatycznego!<\/span><\/h2>\n<\/h1><\/div><div class=\"fusion-sep-clear\"><\/div><div class=\"fusion-separator fusion-full-width-sep sep-single\" style=\"border-color:#ffffff;border-top-width:1px;margin-top:0px;margin-bottom:15px;\"><\/div><span class=\"fusion-imageframe imageframe-none imageframe-2 hover-type-none\"> <img src=\"https:\/\/www.magex.it\/wp-content\/uploads\/2017\/06\/Schermata-2017-06-22-alle-16.36.04-300x168.png\" alt=\"\" class=\"img-responsive\"\/><\/span><div class=\"fusion-sep-clear\"><\/div><div class=\"fusion-separator fusion-full-width-sep sep-none\" style=\"border-color:#e0dede;margin-left: auto;margin-right: auto;margin-top:;margin-bottom:10px;\"><\/div><div class=\"fusion-button-wrapper fusion-aligncenter\"><style type=\"text\/css\" scoped=\"scoped\">.fusion-button.button-1{width:auto;}<\/style><a class=\"fusion-button button-flat button-round button-medium button-lightgray button-1\" target=\"_self\" href=\"https:\/\/www.magex.it\/pl\/jedzenie-jest-serwowane-przez-automatyczny-dystrybutor\/\"><span class=\"fusion-button-text\">Przeczytaj artyku\u0142<\/span><\/a><\/div><div class=\"fusion-clearfix\"><\/div><\/div><\/div><div class=\"fusion-one-third fusion-layout-column fusion-spacing-no\" style=\"margin-top:0px;margin-bottom:20px;\"><div class=\"fusion-column-wrapper\" style=\"background-color:#575656;padding:10% 13% 8%;\"><div class=\"fusion-title title fusion-sep-none fusion-title-center fusion-title-size-one\" style=\"margin-top:0px;margin-bottom:15px;\"><h1 class=\"title-heading-center\">\n<h2 style=\"text-align: left;\"><span style=\"color: #ffffff;\">Europejski patent<\/span><\/h2>\n<\/h1><\/div><div class=\"fusion-sep-clear\"><\/div><div class=\"fusion-separator fusion-full-width-sep sep-single\" style=\"border-color:#ffffff;border-top-width:1px;margin-top:0px;margin-bottom:15px;\"><\/div><span class=\"fusion-imageframe imageframe-none imageframe-3 hover-type-none\"> <img src=\"https:\/\/www.magex.it\/wp-content\/uploads\/2016\/07\/DSC_0118-2.jpg\" alt=\"\" class=\"img-responsive\"\/><\/span><div class=\"fusion-sep-clear\"><\/div><div class=\"fusion-separator fusion-full-width-sep sep-none\" style=\"border-color:#e0dede;margin-left: auto;margin-right: auto;margin-top:;margin-bottom:10px;\"><\/div><div class=\"fusion-button-wrapper fusion-aligncenter\"><style type=\"text\/css\" scoped=\"scoped\">.fusion-button.button-2{width:auto;}<\/style><a class=\"fusion-button button-flat button-round button-medium button-lightgray button-2\" target=\"_self\" href=\"https:\/\/www.magex.it\/pl\/europejski-patent\/\"><span class=\"fusion-button-text\">Dowiedz si\u0119 wi\u0119cej<\/span><\/a><\/div><div class=\"fusion-clearfix\"><\/div><\/div><\/div><div class=\"fusion-one-third fusion-layout-column fusion-column-last fusion-spacing-no\" style=\"margin-top:0px;margin-bottom:20px;\"><div class=\"fusion-column-wrapper\" style=\"background-color:#716f70;padding:10% 13% 8%;\"><div class=\"fusion-title title fusion-sep-none fusion-title-center fusion-title-size-one\" style=\"margin-top:0px;margin-bottom:15px;\"><h1 class=\"title-heading-center\">\n<h2><span style=\"color: #ffffff;\">Nowy ACM<\/span><\/h2>\n<h2><span style=\"color: #ffffff;\"><strong>(Zautomatyzowany dystrybutor babeczek)<\/strong><\/span><\/h2>\n<\/h1><\/div><div class=\"fusion-sep-clear\"><\/div><div class=\"fusion-separator fusion-full-width-sep sep-single\" style=\"border-color:#ffffff;border-top-width:1px;margin-top:0px;margin-bottom:15px;\"><\/div><div class=\"fusion-video fusion-youtube\" style=\"max-width:339px;max-height:150px;\"><div class=\"video-shortcode\"><iframe title=\"YouTube video player\" src=\"https:\/\/www.youtube.com\/embed\/IYPONXdOYwI?wmode=transparent&autoplay=0&amp;rel=0\" width=\"339\" height=\"150\" allowfullscreen><\/iframe><\/div><\/div><div class=\"fusion-sep-clear\"><\/div><div class=\"fusion-separator fusion-full-width-sep sep-none\" style=\"border-color:#e0dede;margin-left: auto;margin-right: auto;margin-top:;margin-bottom:10px;\"><\/div><div class=\"fusion-button-wrapper fusion-aligncenter\"><style type=\"text\/css\" scoped=\"scoped\">.fusion-button.button-3{width:auto;}<\/style><a class=\"fusion-button button-flat button-round button-medium button-lightgray button-3\" target=\"_self\" href=\"https:\/\/www.magex.it\/pl\/zautomatyzowany-dystrybutor-do-babeczek\/\"><span class=\"fusion-button-text\">Przeczytaj artyku\u0142<\/span><\/a><\/div><div class=\"fusion-clearfix\"><\/div><\/div><\/div><div class=\"fusion-clearfix\"><\/div>[ff id=\"1\"]<\/div><\/div><div class=\"fusion-fullwidth fullwidth-box fusion-fullwidth-3  fusion-parallax-none hundred-percent-fullwidth fusion-equal-height-columns\" style=\"border-color:#eae9e9;border-bottom-width: 0px;border-top-width: 0px;border-bottom-style: solid;border-top-style: solid;padding-bottom:20px;padding-top:20px;padding-left:;padding-right:;background-color:rgba(255,255,255,0);\"><style type=\"text\/css\" scoped=\"scoped\">.fusion-fullwidth-3, .fusion-fullwidth-3.fusion-section-separator {\r\n                        padding-left: px !important;\r\n                        padding-right: px !important;\r\n                    }@media only screen and (max-width: 1170px) {}<\/style><div class=\"fusion-row\"><div class=\"fusion-one-third fusion-layout-column fusion-spacing-no\" style=\"margin-top:0px;margin-bottom:20px;\"><div class=\"fusion-column-wrapper\"><div class=\"fusion-sep-clear\"><\/div><div class=\"fusion-separator fusion-full-width-sep sep-none\" style=\"border-color:#e0dede;margin-left: auto;margin-right: auto;margin-top:100px;\"><\/div><h2 style=\"text-align: center;\">SYSTEM DYSTRYBUCJI<\/h2>\n<h2 style=\"text-align: center;\"><span style=\"color: #9d9d9d;\">BEZ SPIRALI<\/span><\/h2>\n<h2 style=\"text-align: center;\"><span style=\"color: #706f6f;\">KT\u00d3RY NAS WYR\u00d3\u017bNIA<\/span><\/h2>\n<div class=\"fusion-clearfix\"><\/div><\/div><\/div><div class=\"fusion-two-third fusion-layout-column fusion-column-last fusion-spacing-yes\" style=\"margin-top:0px;margin-bottom:20px;\"><div class=\"fusion-column-wrapper\"><div class=\"fusion-video fusion-youtube\" style=\"max-width:600px;max-height:350px;\"><div class=\"video-shortcode\"><iframe title=\"YouTube video player\" src=\"https:\/\/www.youtube.com\/embed\/Cu-aFxwZUsg?wmode=transparent&autoplay=0&amp;rel=0\" width=\"600\" height=\"350\" allowfullscreen><\/iframe><\/div><\/div><div class=\"fusion-clearfix\"><\/div><\/div><\/div><div class=\"fusion-clearfix\"><\/div><\/div><\/div><div class=\"fusion-fullwidth fullwidth-box fusion-fullwidth-4  fusion-parallax-none nonhundred-percent-fullwidth\" style=\"border-color:#eae9e9;border-bottom-width: 0px;border-top-width: 0px;border-bottom-style: solid;border-top-style: solid;padding-bottom:20px;padding-top:20px;padding-left:;padding-right:;background-color:rgba(255,255,255,0);\"><style type=\"text\/css\" scoped=\"scoped\">.fusion-fullwidth-4 {\r\n                            padding-left: px !important;\r\n                            padding-right: px !important;\r\n                        }<\/style><div class=\"fusion-row\"><div class=\"fusion-sep-clear\"><\/div><div class=\"fusion-separator fusion-full-width-sep sep-single\" style=\"border-color:#e0dede;border-top-width:1px;margin-left: auto;margin-right: auto;margin-top:45px;margin-bottom:45px;\"><\/div><div class=\"fusion-button-wrapper fusion-aligncenter\"><style type=\"text\/css\" scoped=\"scoped\">.fusion-button.button-4{width:auto;}<\/style><a class=\"fusion-button button-flat button-round button-xlarge button-lightgray button-4\" target=\"_blank\" href=\"https:\/\/www.magex.it\/pl\/kontakty\/\"><span class=\"fusion-button-text\">Kontakt<\/span><\/a><\/div><div class=\"fusion-sep-clear\"><\/div><div class=\"fusion-separator fusion-full-width-sep sep-single\" style=\"border-color:#e0dede;border-top-width:1px;margin-left: auto;margin-right: auto;margin-top:45px;margin-bottom:45px;\"><\/div><\/div><\/div>\n","protected":false},"excerpt":{"rendered":"","protected":false},"author":3,"featured_media":0,"parent":0,"menu_order":0,"comment_status":"open","ping_status":"open","template":"100-width.php","meta":[],"_links":{"self":[{"href":"https:\/\/magex.point24h.com\/pl\/wp-json\/wp\/v2\/pages\/21515"}],"collection":[{"href":"https:\/\/magex.point24h.com\/pl\/wp-json\/wp\/v2\/pages"}],"about":[{"href":"https:\/\/magex.point24h.com\/pl\/wp-json\/wp\/v2\/types\/page"}],"author":[{"embeddable":true,"href":"https:\/\/magex.point24h.com\/pl\/wp-json\/wp\/v2\/users\/3"}],"replies":[{"embeddable":true,"href":"https:\/\/magex.point24h.com\/pl\/wp-json\/wp\/v2\/comments?post=21515"}],"version-history":[{"count":5,"href":"https:\/\/magex.point24h.com\/pl\/wp-json\/wp\/v2\/pages\/21515\/revisions"}],"predecessor-version":[{"id":22725,"href":"https:\/\/magex.point24h.com\/pl\/wp-json\/wp\/v2\/pages\/21515\/revisions\/22725"}],"wp:attachment":[{"href":"https:\/\/magex.point24h.com\/pl\/wp-json\/wp\/v2\/media?parent=21515"}],"curies":[{"name":"wp","href":"https:\/\/api.w.org\/{rel}","templated":true}]}}