{"id":21249,"date":"2020-01-13T11:55:19","date_gmt":"2020-01-13T10:55:19","guid":{"rendered":"https:\/\/www.magex.it\/firma\/"},"modified":"2021-03-31T09:42:34","modified_gmt":"2021-03-31T08:42:34","slug":"firma","status":"publish","type":"page","link":"https:\/\/magex.point24h.com\/pl\/firma\/","title":{"rendered":"FIRMA"},"content":{"rendered":"<div class=\"fusion-two-third fusion-layout-column fusion-spacing-yes\" style=\"margin-top:0px;margin-bottom:20px;\"><div class=\"fusion-column-wrapper\"><h2 style=\"text-align: left;\">PROJEKTUJEMY I WYTWARZAMY DYSTRYBUTORY AUTOMATYCZNE OD 1998 ROKU<\/h2>\n<div class=\"fusion-sep-clear\"><\/div><div class=\"fusion-separator fusion-full-width-sep sep-single\" style=\"border-color:#e0dede;border-top-width:1px;margin-top:5px;margin-bottom:35px;\"><\/div><p>Jeste\u015bmy firm\u0105 z Vicenzy we W\u0142oszech, <strong>projektowaniem i produkcj\u0105 maszyn vendingowych zajmujemy si\u0119 od 1998 roku<\/strong>. Magex nie korzysta z tradycyjnego &#8222;spiralnego&#8221; lub &#8222;pushowego&#8221; typu dostawy, <strong>opatentowany system<\/strong> dostosowuje si\u0119 do wymaga\u0144 klienta, <strong>umo\u017cliwiaj\u0105c sprzeda\u017c praktycznie ka\u017cdego rodzaju produktu<\/strong>.<\/p>\n<p>Wszystkie komponenty naszych maszyn, zar\u00f3wno oprogramowanie, jak i sprz\u0119t zosta\u0142y zaprojektowane i wyprodukowane przy u\u017cyciu najwy\u017cszej jako\u015bci materia\u0142\u00f3w <strong>w naszym zak\u0142adzie w Vicenzie<\/strong>.\u00a0Naszym celem jest zawsze pomoc w realizacji prostych i intuicyjnych zakup\u00f3w.<\/p>\n<p>Produkujemy w <strong>systemie jako\u015bci certyfikowanym przez TUV<\/strong>.<\/p>\n<div class=\"fusion-sep-clear\"><\/div><div class=\"fusion-separator fusion-full-width-sep sep-single\" style=\"border-color:#e0dede;border-top-width:1px;margin-left: auto;margin-right: auto;margin-top:45px;margin-bottom:45px;\"><\/div><div class=\"fusion-content-boxes content-boxes columns fusion-columns-1 fusion-columns-total-1 fusion-content-boxes-1 content-boxes-icon-with-title row content-right\" data-animationOffset=\"100%\" style=\"margin-top:0px;margin-bottom:60px;\"><style type=\"text\/css\" scoped=\"scoped\">.fusion-content-boxes-1 .heading h2{color:#b2b2b2;}\r\n\t\t\t.fusion-content-boxes-1 .fusion-content-box-hover .link-area-link-icon-hover .heading h2,\r\n\t\t\t.fusion-content-boxes-1 .fusion-content-box-hover .link-area-link-icon-hover .heading .heading-link h2,\r\n\t\t\t.fusion-content-boxes-1 .fusion-content-box-hover .link-area-box-hover .heading h2,\r\n\t\t\t.fusion-content-boxes-1 .fusion-content-box-hover .link-area-box-hover .heading .heading-link h2,\r\n\t\t\t.fusion-content-boxes-1 .fusion-content-box-hover .link-area-link-icon-hover.link-area-box .fusion-read-more,\r\n\t\t\t.fusion-content-boxes-1 .fusion-content-box-hover .link-area-link-icon-hover.link-area-box .fusion-read-more::after,\r\n\t\t\t.fusion-content-boxes-1 .fusion-content-box-hover .link-area-link-icon-hover.link-area-box .fusion-read-more::before,\r\n\t\t\t.fusion-content-boxes-1 .fusion-content-box-hover .fusion-read-more:hover:after,\r\n\t\t\t.fusion-content-boxes-1 .fusion-content-box-hover .fusion-read-more:hover:before,\r\n\t\t\t.fusion-content-boxes-1 .fusion-content-box-hover .fusion-read-more:hover,\r\n\t\t\t.fusion-content-boxes-1 .fusion-content-box-hover .link-area-box-hover.link-area-box .fusion-read-more,\r\n\t\t\t.fusion-content-boxes-1 .fusion-content-box-hover .link-area-box-hover.link-area-box .fusion-read-more::after,\r\n\t\t\t.fusion-content-boxes-1 .fusion-content-box-hover .link-area-box-hover.link-area-box .fusion-read-more::before,\r\n\t\t\t.fusion-content-boxes-1 .fusion-content-box-hover .link-area-link-icon-hover .icon .circle-no,\r\n\t\t\t.fusion-content-boxes-1 .fusion-content-box-hover .link-area-box-hover .icon .circle-no {\r\n\t\t\t\tcolor: #6796bf !important;\r\n\t\t\t}\r\n\t\t\t.fusion-content-boxes-1 .fusion-content-box-hover .heading-link:hover .icon i.circle-yes,\r\n\t\t\t.fusion-content-boxes-1 .fusion-content-box-hover .link-area-box:hover .heading-link .icon i.circle-yes,\r\n\t\t\t.fusion-content-boxes-1 .fusion-content-box-hover .link-area-link-icon-hover .heading .icon i.circle-yes,\r\n\t\t\t.fusion-content-boxes-1 .fusion-content-box-hover .link-area-box-hover .heading .icon i.circle-yes {\r\n\t\t\t\tbackground-color: #6796bf !important;\r\n\t\t\t\tborder-color: #6796bf !important;\r\n\t\t\t}<\/style><div class=\"fusion-column content-box-column content-box-column-1 col-lg-12 col-md-12 col-sm-12 fusion-content-box-hover content-box-column-last content-box-column-last-in-row\"><div class=\"col content-wrapper link-area-link-icon link-type-text icon-hover-animation-fade\" style=\"background-color:rgba(255,255,255,0);\"><div class=\"heading heading-with-icon icon-right\"><a class=\"heading-link\" href=\"https:\/\/www.magex.it\/wp-content\/uploads\/2020\/01\/Catalogo_2019_POL-LR.pdf\" target=\"_blank\"><h2 class=\"content-box-heading\" style=\"font-size: 18px;line-height:23px;\">BROCHURE MAGEX 2019<\/h2><div class=\"image\"><img src=\"https:\/\/www.magex.it\/wp-content\/uploads\/2017\/11\/icona_infinito.png\" width=\"70\" height=\"70\" alt=\"\" \/><\/div><\/a><\/div><div class=\"fusion-clearfix\"><\/div><div class=\"content-container\" style=\" text-align:right;color:#575656;\"><\/div><\/div><\/div><div class=\"fusion-clearfix\"><\/div><div class=\"fusion-clearfix\"><\/div><\/div><div class=\"fusion-clearfix\"><\/div><\/div><\/div><div class=\"fusion-one-third fusion-layout-column fusion-column-last fusion-spacing-yes\" style=\"margin-top:0px;margin-bottom:20px;\"><div class=\"fusion-column-wrapper\"><div class=\"imageframe-align-center\"><span class=\"fusion-imageframe imageframe-none imageframe-1 hover-type-none\"> <img src=\"https:\/\/www.magex.it\/wp-content\/uploads\/2014\/10\/TUV-e1468395740610.jpg\" alt=\"\" class=\"img-responsive\"\/><\/span><\/div><div class=\"fusion-sep-clear\"><\/div><div class=\"fusion-separator fusion-full-width-sep sep-none\" style=\"border-color:#e0dede;margin-left: auto;margin-right: auto;margin-top:25px;\"><\/div><p style=\"text-align: center;\">Management System<br \/>\nISO 9001:2015<\/p>\n<div class=\"fusion-clearfix\"><\/div><\/div><\/div><div class=\"fusion-clearfix\"><\/div>\n","protected":false},"excerpt":{"rendered":"","protected":false},"author":3,"featured_media":0,"parent":0,"menu_order":0,"comment_status":"open","ping_status":"open","template":"100-width.php","meta":[],"_links":{"self":[{"href":"https:\/\/magex.point24h.com\/pl\/wp-json\/wp\/v2\/pages\/21249"}],"collection":[{"href":"https:\/\/magex.point24h.com\/pl\/wp-json\/wp\/v2\/pages"}],"about":[{"href":"https:\/\/magex.point24h.com\/pl\/wp-json\/wp\/v2\/types\/page"}],"author":[{"embeddable":true,"href":"https:\/\/magex.point24h.com\/pl\/wp-json\/wp\/v2\/users\/3"}],"replies":[{"embeddable":true,"href":"https:\/\/magex.point24h.com\/pl\/wp-json\/wp\/v2\/comments?post=21249"}],"version-history":[{"count":3,"href":"https:\/\/magex.point24h.com\/pl\/wp-json\/wp\/v2\/pages\/21249\/revisions"}],"predecessor-version":[{"id":23776,"href":"https:\/\/magex.point24h.com\/pl\/wp-json\/wp\/v2\/pages\/21249\/revisions\/23776"}],"wp:attachment":[{"href":"https:\/\/magex.point24h.com\/pl\/wp-json\/wp\/v2\/media?parent=21249"}],"curies":[{"name":"wp","href":"https:\/\/api.w.org\/{rel}","templated":true}]}}