{"id":21246,"date":"2020-01-13T11:49:12","date_gmt":"2020-01-13T10:49:12","guid":{"rendered":"https:\/\/www.magex.it\/system-dystrybucji\/oprogramowanie-i-uslugi\/"},"modified":"2020-01-13T11:49:14","modified_gmt":"2020-01-13T10:49:14","slug":"oprogramowanie-i-uslugi","status":"publish","type":"page","link":"https:\/\/magex.point24h.com\/pl\/system-dystrybucji\/oprogramowanie-i-uslugi\/","title":{"rendered":"Oprogramowanie i us\u0142ugi"},"content":{"rendered":"<div class=\"fusion-one-third fusion-layout-column fusion-spacing-no\" style=\"margin-top:0px;margin-bottom:20px;\"><div class=\"fusion-column-wrapper\"><span style=\"margin-right:25px;float:left;\" class=\"fusion-imageframe imageframe-none imageframe-1 hover-type-none\"> <img src=\"https:\/\/www.magex.it\/wp-content\/uploads\/2014\/10\/Schermata-2016-07-22-alle-10.12.12.png\" alt=\"\" class=\"img-responsive\"\/><\/span><div class=\"fusion-clearfix\"><\/div><\/div><\/div><div class=\"fusion-two-third fusion-layout-column fusion-column-last fusion-spacing-yes\" style=\"margin-top:0px;margin-bottom:20px;\"><div class=\"fusion-column-wrapper\"><h2 style=\"text-align: left;\"><span style=\"color: #706f6f;\">OPROGRAMOWANIE<\/span><\/h2>\n<div class=\"fusion-sep-clear\"><\/div><div class=\"fusion-separator fusion-full-width-sep sep-single\" style=\"border-color:#e0dede;border-top-width:1px;margin-top:5px;margin-bottom:35px;\"><\/div><div class=\"fusion-sep-clear\"><\/div><div class=\"fusion-separator fusion-full-width-sep sep-none\" style=\"border-color:#e0dede;margin-left: auto;margin-right: auto;margin-top:10px;margin-bottom:10px;\"><\/div><p>Dostosowujemy oprogramowanie zainstalowane w naszych automatach do potrzeb klienta, tworz\u0105c okre\u015blone funkcje i dostosowuj\u0105c interfejs graficzny.<\/p>\n<p>\u2022 Dystrybutory Magex s\u0105 zaprzyja\u017anione z social media! Dzi\u0119ki interakcji z Twitterem Twoja firma b\u0119dzie jeszcze bardziej zwi\u0105zana z klientami&#8221;.<\/p>\n<p>\u2022 Dzi\u0119ki najnowszym technologiom zintegrowanym z naszymi dystrybutorami Magex, Twoi klienci mog\u0105 robi\u0107 zakupy za pomoc\u0105 systemu p\u0142atno\u015bci lub aplikacji dost\u0119pnych na Android i IOS.<\/b><\/p>\n<div class=\"fusion-sep-clear\"><\/div><div class=\"fusion-separator fusion-full-width-sep sep-none\" style=\"border-color:#e0dede;margin-top:45px;\"><\/div><div class=\"fusion-clearfix\"><\/div><\/div><\/div><div class=\"fusion-clearfix\"><\/div><div class=\"fusion-two-third fusion-layout-column fusion-spacing-yes\" style=\"margin-top:0px;margin-bottom:20px;\"><div class=\"fusion-column-wrapper\"><h2 style=\"text-align: left;\"><span style=\"color: #9d9d9d;\">DANE SERWISOWE W CZASIE RZECZYWISTYM<\/span><\/h2>\n<div class=\"fusion-sep-clear\"><\/div><div class=\"fusion-separator fusion-full-width-sep sep-single\" style=\"border-color:#e0dede;border-top-width:1px;margin-top:5px;margin-bottom:35px;\"><\/div><div class=\"fusion-sep-clear\"><\/div><div class=\"fusion-separator fusion-full-width-sep sep-none\" style=\"border-color:#e0dede;margin-left: auto;margin-right: auto;margin-top:10px;margin-bottom:10px;\"><\/div><p>Dzi\u0119ki naszej us\u0142udze GPRS \/ 4G mo\u017cesz zobaczy\u0107 status ka\u017cdej maszyny w czasie rzeczywistym.<\/p>\n<p>Wykresy online pozwalaj\u0105 monitorowa\u0107 dane sprzeda\u017cy, stan zapas\u00f3w, w\u0142o\u017cone i zwr\u00f3cone monety oraz banknoty, zaplanowa\u0107 ponowne uruchomienie, zmiany w dzia\u0142aniu i temperatur\u0119 wewn\u0119trzn\u0105 ka\u017cdego automatu.<\/p>\n<div class=\"fusion-sep-clear\"><\/div><div class=\"fusion-separator fusion-full-width-sep sep-single\" style=\"border-color:#e0dede;border-top-width:1px;margin-top:45px;margin-bottom:45px;\"><\/div><div class=\"fusion-clearfix\"><\/div><\/div><\/div><div class=\"fusion-one-third fusion-layout-column fusion-column-last fusion-spacing-yes\" style=\"margin-top:0px;margin-bottom:20px;\"><div class=\"fusion-column-wrapper\"><span style=\"margin-left:25px;float:right;\" class=\"fusion-imageframe imageframe-none imageframe-2 hover-type-none\"> <img src=\"https:\/\/www.magex.it\/wp-content\/uploads\/2014\/10\/SERVIZIO-DATI-IN-TEMPO-REALE.png\" alt=\"\" class=\"img-responsive\"\/><\/span><div class=\"fusion-clearfix\"><\/div><\/div><\/div><div class=\"fusion-clearfix\"><\/div>\n","protected":false},"excerpt":{"rendered":"","protected":false},"author":3,"featured_media":0,"parent":21238,"menu_order":0,"comment_status":"closed","ping_status":"closed","template":"100-width.php","meta":[],"_links":{"self":[{"href":"https:\/\/magex.point24h.com\/pl\/wp-json\/wp\/v2\/pages\/21246"}],"collection":[{"href":"https:\/\/magex.point24h.com\/pl\/wp-json\/wp\/v2\/pages"}],"about":[{"href":"https:\/\/magex.point24h.com\/pl\/wp-json\/wp\/v2\/types\/page"}],"author":[{"embeddable":true,"href":"https:\/\/magex.point24h.com\/pl\/wp-json\/wp\/v2\/users\/3"}],"replies":[{"embeddable":true,"href":"https:\/\/magex.point24h.com\/pl\/wp-json\/wp\/v2\/comments?post=21246"}],"version-history":[{"count":1,"href":"https:\/\/magex.point24h.com\/pl\/wp-json\/wp\/v2\/pages\/21246\/revisions"}],"predecessor-version":[{"id":21247,"href":"https:\/\/magex.point24h.com\/pl\/wp-json\/wp\/v2\/pages\/21246\/revisions\/21247"}],"up":[{"embeddable":true,"href":"https:\/\/magex.point24h.com\/pl\/wp-json\/wp\/v2\/pages\/21238"}],"wp:attachment":[{"href":"https:\/\/magex.point24h.com\/pl\/wp-json\/wp\/v2\/media?parent=21246"}],"curies":[{"name":"wp","href":"https:\/\/api.w.org\/{rel}","templated":true}]}}