{"id":21238,"date":"2020-01-13T11:39:19","date_gmt":"2020-01-13T10:39:19","guid":{"rendered":"https:\/\/www.magex.it\/system-dystrybucji\/"},"modified":"2021-04-07T10:06:24","modified_gmt":"2021-04-07T09:06:24","slug":"system-dystrybucji","status":"publish","type":"page","link":"https:\/\/magex.point24h.com\/pl\/system-dystrybucji\/","title":{"rendered":"System dystrybucji"},"content":{"rendered":"<div class=\"fusion-two-third fusion-layout-column fusion-spacing-yes\" style=\"margin-top:0px;margin-bottom:20px;\"><div class=\"fusion-column-wrapper\"><h2 style=\"text-align: left;\">Opatentowany system dystrybucji<\/h2>\n<div class=\"fusion-sep-clear\"><\/div><div class=\"fusion-separator fusion-full-width-sep sep-single\" style=\"border-color:#e0dede;border-top-width:1px;margin-top:5px;margin-bottom:45px;\"><\/div><div class=\"fusion-sep-clear\"><\/div><div class=\"fusion-separator fusion-full-width-sep sep-none\" style=\"border-color:#e0dede;margin-left: auto;margin-right: auto;margin-top:10px;margin-bottom:10px;\"><\/div><p>Opatentowany system dozowania Magex, bez spiral, pozwala \u0142atwo i szybko uporz\u0105dkowa\u0107 i modulowa\u0107 przestrze\u0144 wewn\u0119trzn\u0105 ka\u017cdego dystrybutora dostosowuj\u0105c go do dowolnego rodzaju produktu.<\/p>\n<div class=\"fusion-sep-clear\"><\/div><div class=\"fusion-separator fusion-full-width-sep sep-none\" style=\"border-color:#e0dede;margin-top:45px;margin-bottom:5px;\"><\/div><div class=\"fusion-button-wrapper\"><style type=\"text\/css\" scoped=\"scoped\">.fusion-button.button-1{width:auto;}<\/style><a class=\"fusion-button button-flat button-round button-xlarge button-lightgray button-1\" target=\"_self\" href=\"https:\/\/www.magex.it\/wp-content\/uploads\/2021\/04\/depliant-sistema-erogazione-Bistore_ENG.pdf\"><span class=\"fusion-button-text\">Karta techniczna<\/span><\/a><\/div><div class=\"fusion-sep-clear\"><\/div><div class=\"fusion-separator fusion-full-width-sep sep-none\" style=\"border-color:#e0dede;margin-left: auto;margin-right: auto;margin-top:10px;margin-bottom:10px;\"><\/div><div class=\"fusion-button-wrapper\"><style type=\"text\/css\" scoped=\"scoped\">.fusion-button.button-2{width:auto;}<\/style><a class=\"fusion-button button-flat button-round button-xlarge button-lightgray button-2\" target=\"_self\" href=\"https:\/\/www.magex.it\/pl\/system-dystrybucji\/oprogramowanie-i-uslugi\/\"><span class=\"fusion-button-text\">Oprogramowanie<\/span><\/a><\/div><div class=\"fusion-clearfix\"><\/div><\/div><\/div><div class=\"fusion-one-third fusion-layout-column fusion-column-last fusion-spacing-yes\" style=\"margin-top:0px;margin-bottom:20px;\"><div class=\"fusion-column-wrapper\"><span class=\"fusion-imageframe imageframe-none imageframe-1 hover-type-none\"> <img src=\"http:\/\/www.magex.it\/wp-content\/uploads\/2016\/07\/10anniversario-e1468400390440.png\" alt=\"\" class=\"img-responsive\"\/><\/span><div class=\"fusion-clearfix\"><\/div><\/div><\/div><div class=\"fusion-clearfix\"><\/div>\n","protected":false},"excerpt":{"rendered":"","protected":false},"author":3,"featured_media":0,"parent":0,"menu_order":0,"comment_status":"closed","ping_status":"closed","template":"","meta":[],"_links":{"self":[{"href":"https:\/\/magex.point24h.com\/pl\/wp-json\/wp\/v2\/pages\/21238"}],"collection":[{"href":"https:\/\/magex.point24h.com\/pl\/wp-json\/wp\/v2\/pages"}],"about":[{"href":"https:\/\/magex.point24h.com\/pl\/wp-json\/wp\/v2\/types\/page"}],"author":[{"embeddable":true,"href":"https:\/\/magex.point24h.com\/pl\/wp-json\/wp\/v2\/users\/3"}],"replies":[{"embeddable":true,"href":"https:\/\/magex.point24h.com\/pl\/wp-json\/wp\/v2\/comments?post=21238"}],"version-history":[{"count":3,"href":"https:\/\/magex.point24h.com\/pl\/wp-json\/wp\/v2\/pages\/21238\/revisions"}],"predecessor-version":[{"id":24012,"href":"https:\/\/magex.point24h.com\/pl\/wp-json\/wp\/v2\/pages\/21238\/revisions\/24012"}],"wp:attachment":[{"href":"https:\/\/magex.point24h.com\/pl\/wp-json\/wp\/v2\/media?parent=21238"}],"curies":[{"name":"wp","href":"https:\/\/api.w.org\/{rel}","templated":true}]}}