{"id":19597,"date":"2019-05-09T13:33:57","date_gmt":"2019-05-09T12:33:57","guid":{"rendered":"https:\/\/www.magex.it\/logiciel-et-services\/"},"modified":"2019-05-21T14:49:43","modified_gmt":"2019-05-21T13:49:43","slug":"logiciel-et-services","status":"publish","type":"page","link":"https:\/\/magex.point24h.com\/fr\/logiciel-et-services\/","title":{"rendered":"Logiciel et services"},"content":{"rendered":"<div class=\"fusion-one-third fusion-layout-column fusion-spacing-no\" style=\"margin-top:0px;margin-bottom:20px;\"><div class=\"fusion-column-wrapper\"><span style=\"margin-right:25px;float:left;\" class=\"fusion-imageframe imageframe-none imageframe-1 hover-type-none\"> <img src=\"https:\/\/www.magex.it\/wp-content\/uploads\/2014\/10\/Schermata-2016-07-22-alle-10.12.12.png\" alt=\"\" class=\"img-responsive\"\/><\/span><div class=\"fusion-clearfix\"><\/div><\/div><\/div><div class=\"fusion-two-third fusion-layout-column fusion-column-last fusion-spacing-yes\" style=\"margin-top:0px;margin-bottom:20px;\"><div class=\"fusion-column-wrapper\"><h2 style=\"text-align: left;\"><span style=\"color: #706f6f;\">LOGICIEL<\/span><\/h2>\n<div class=\"fusion-sep-clear\"><\/div><div class=\"fusion-separator fusion-full-width-sep sep-single\" style=\"border-color:#e0dede;border-top-width:1px;margin-top:5px;margin-bottom:35px;\"><\/div><div class=\"fusion-sep-clear\"><\/div><div class=\"fusion-separator fusion-full-width-sep sep-none\" style=\"border-color:#e0dede;margin-left: auto;margin-right: auto;margin-top:10px;margin-bottom:10px;\"><\/div><p>Nous customisons le logiciel install\u00e9 dans nos distributeurs automatiques selon les besoins des clients, en cr\u00e9ant des functionnalit\u00e9s sp\u00e9cifiques et en personnalisant l&rsquo;interface graphique en fonction des necessit\u00e9s.<\/p>\n<p>\u2022 Maintenant les distributeurs Magex sont de plus en plus social. Gr\u00e2ce \u00e0 l&rsquo;interaction avec Twitter vostre activit\u00e9 sera de plus en plus interconnect\u00e9 avec vos clients.<\/p>\n<p>\u2022 Gr\u00e2ce aux derni\u00e8res technologies integr\u00e9es dans nos distributeurs Magex, vos clients pourront faire du shopping en utilisant le syst\u00e8me de payement ou \u00e0 travers l&rsquo;application de Android et IOS.<\/p>\n<div class=\"fusion-sep-clear\"><\/div><div class=\"fusion-separator fusion-full-width-sep sep-none\" style=\"border-color:#e0dede;margin-top:45px;\"><\/div><div class=\"fusion-clearfix\"><\/div><\/div><\/div><div class=\"fusion-clearfix\"><\/div><div class=\"fusion-two-third fusion-layout-column fusion-spacing-yes\" style=\"margin-top:0px;margin-bottom:20px;\"><div class=\"fusion-column-wrapper\"><h2 style=\"text-align: left;\"><span style=\"color: #9d9d9d;\">SERVICE DE DONN\u00c9ES EN TEMPS R\u00c9EL<\/span><\/h2>\n<div class=\"fusion-sep-clear\"><\/div><div class=\"fusion-separator fusion-full-width-sep sep-single\" style=\"border-color:#e0dede;border-top-width:1px;margin-top:5px;margin-bottom:35px;\"><\/div><div class=\"fusion-sep-clear\"><\/div><div class=\"fusion-separator fusion-full-width-sep sep-none\" style=\"border-color:#e0dede;margin-left: auto;margin-right: auto;margin-top:10px;margin-bottom:10px;\"><\/div><p>Gr\u00e2ce \u00e0 notre service GPRS\/3G, en acc\u00e9dant de n&rsquo;importe quel syst\u00e8me connect\u00e9 au r\u00e9seau, il est possible de <strong>visualiser en temps r\u00e9el<\/strong> l&rsquo;\u00e9tat des distributeurs automatiques.<\/p>\n<p>Les graphiques en ligne permettent de contr\u00f4ler les donn\u00e9es de vente, l&rsquo;\u00e9tats de l&rsquo;entrep\u00f4t, les monnaies et les billets inser\u00e9s et retourn\u00e9s, les r\u00e9demarrements programm\u00e9s, les variations du fonctionnement et la temperature interne de chaque distributeur.<\/p>\n<div class=\"fusion-sep-clear\"><\/div><div class=\"fusion-separator fusion-full-width-sep sep-single\" style=\"border-color:#e0dede;border-top-width:1px;margin-top:45px;margin-bottom:45px;\"><\/div><div class=\"fusion-clearfix\"><\/div><\/div><\/div><div class=\"fusion-one-third fusion-layout-column fusion-column-last fusion-spacing-yes\" style=\"margin-top:0px;margin-bottom:20px;\"><div class=\"fusion-column-wrapper\"><span style=\"margin-left:25px;float:right;\" class=\"fusion-imageframe imageframe-none imageframe-2 hover-type-none\"> <img src=\"https:\/\/www.magex.it\/wp-content\/uploads\/2014\/10\/SERVIZIO-DATI-IN-TEMPO-REALE.png\" alt=\"\" class=\"img-responsive\"\/><\/span><div class=\"fusion-clearfix\"><\/div><\/div><\/div><div class=\"fusion-clearfix\"><\/div>\n","protected":false},"excerpt":{"rendered":"","protected":false},"author":3,"featured_media":0,"parent":0,"menu_order":0,"comment_status":"closed","ping_status":"closed","template":"100-width.php","meta":[],"_links":{"self":[{"href":"https:\/\/magex.point24h.com\/fr\/wp-json\/wp\/v2\/pages\/19597"}],"collection":[{"href":"https:\/\/magex.point24h.com\/fr\/wp-json\/wp\/v2\/pages"}],"about":[{"href":"https:\/\/magex.point24h.com\/fr\/wp-json\/wp\/v2\/types\/page"}],"author":[{"embeddable":true,"href":"https:\/\/magex.point24h.com\/fr\/wp-json\/wp\/v2\/users\/3"}],"replies":[{"embeddable":true,"href":"https:\/\/magex.point24h.com\/fr\/wp-json\/wp\/v2\/comments?post=19597"}],"version-history":[{"count":4,"href":"https:\/\/magex.point24h.com\/fr\/wp-json\/wp\/v2\/pages\/19597\/revisions"}],"predecessor-version":[{"id":19880,"href":"https:\/\/magex.point24h.com\/fr\/wp-json\/wp\/v2\/pages\/19597\/revisions\/19880"}],"wp:attachment":[{"href":"https:\/\/magex.point24h.com\/fr\/wp-json\/wp\/v2\/media?parent=19597"}],"curies":[{"name":"wp","href":"https:\/\/api.w.org\/{rel}","templated":true}]}}