{"id":14386,"date":"2016-07-26T07:57:01","date_gmt":"2016-07-26T07:57:01","guid":{"rendered":"http:\/\/www.magex.it\/?page_id=14386&#038;lang=es"},"modified":"2021-04-07T10:15:26","modified_gmt":"2021-04-07T09:15:26","slug":"patente","status":"publish","type":"page","link":"https:\/\/magex.point24h.com\/es\/patente\/","title":{"rendered":"Patente"},"content":{"rendered":"<div class=\"fusion-two-third fusion-layout-column fusion-spacing-yes\" style=\"margin-top:0px;margin-bottom:20px;\"><div class=\"fusion-column-wrapper\"><h2 style=\"text-align: left;\">SISTEMA DE EROGACI\u00d3N PATENTADO<\/h2>\n<div class=\"fusion-sep-clear\"><\/div><div class=\"fusion-separator fusion-full-width-sep sep-single\" style=\"border-color:#e0dede;border-top-width:1px;margin-top:5px;margin-bottom:45px;\"><\/div><div class=\"fusion-sep-clear\"><\/div><div class=\"fusion-separator fusion-full-width-sep sep-none\" style=\"border-color:#e0dede;margin-left: auto;margin-right: auto;margin-top:10px;margin-bottom:10px;\"><\/div><p>El sistema de erogaci\u00f3n patentado Magex, sin espirales, permite organizar el espacio interior de cada distribuidor de manera f\u00e1cil y intuitiva, adapt\u00e1ndolo a contener cualquier tipo de producto.<\/p>\n<div class=\"fusion-sep-clear\"><\/div><div class=\"fusion-separator fusion-full-width-sep sep-none\" style=\"border-color:#e0dede;margin-top:45px;margin-bottom:5px;\"><\/div><div class=\"fusion-button-wrapper\"><style type=\"text\/css\" scoped=\"scoped\">.fusion-button.button-1{width:auto;}<\/style><a class=\"fusion-button button-flat button-round button-xlarge button-lightgray button-1\" target=\"_self\" href=\"https:\/\/www.magex.it\/wp-content\/uploads\/2021\/04\/depliant-sistema-erogazione-Bistore_ENG.pdf\"><span class=\"fusion-button-text\">Ficha t\u00e9cnica sistema de erogaci\u00f3n<\/span><\/a><\/div><div class=\"fusion-clearfix\"><\/div><\/div><\/div><div class=\"fusion-one-third fusion-layout-column fusion-column-last fusion-spacing-yes\" style=\"margin-top:0px;margin-bottom:20px;\"><div class=\"fusion-column-wrapper\"><span class=\"fusion-imageframe imageframe-none imageframe-1 hover-type-none\"> <img src=\"https:\/\/www.magex.it\/wp-content\/uploads\/2018\/01\/sistema-brevettato.png\" alt=\"\" class=\"img-responsive\"\/><\/span><div class=\"fusion-clearfix\"><\/div><\/div><\/div><div class=\"fusion-clearfix\"><\/div><div class=\"fusion-sep-clear\"><\/div><div class=\"fusion-separator fusion-full-width-sep sep-none\" style=\"border-color:#e0dede;margin-left: auto;margin-right: auto;margin-top:;\"><\/div><div class=\"fusion-one-third fusion-layout-column fusion-spacing-no\" style=\"margin-top:0px;margin-bottom:20px;\"><div class=\"fusion-column-wrapper\"><span class=\"fusion-imageframe imageframe-none imageframe-2 hover-type-none\"> <img src=\"https:\/\/www.magex.it\/wp-content\/uploads\/2016\/07\/DSC_0118-2-300x199.jpg\" alt=\"\" class=\"img-responsive\"\/><\/span><div class=\"fusion-clearfix\"><\/div><\/div><\/div><div class=\"fusion-one-third fusion-layout-column fusion-column-last fusion-spacing-no\" style=\"margin-top:0px;margin-bottom:20px;\"><div class=\"fusion-column-wrapper\"><span class=\"fusion-imageframe imageframe-none imageframe-3 hover-type-none\"> <img src=\"https:\/\/www.magex.it\/wp-content\/uploads\/2016\/07\/DSC_1424-300x199.jpg\" alt=\"\" class=\"img-responsive\"\/><\/span><div class=\"fusion-clearfix\"><\/div><\/div><\/div><div class=\"fusion-clearfix\"><\/div>\n","protected":false},"excerpt":{"rendered":"","protected":false},"author":3,"featured_media":0,"parent":0,"menu_order":0,"comment_status":"closed","ping_status":"closed","template":"100-width.php","meta":[],"_links":{"self":[{"href":"https:\/\/magex.point24h.com\/es\/wp-json\/wp\/v2\/pages\/14386"}],"collection":[{"href":"https:\/\/magex.point24h.com\/es\/wp-json\/wp\/v2\/pages"}],"about":[{"href":"https:\/\/magex.point24h.com\/es\/wp-json\/wp\/v2\/types\/page"}],"author":[{"embeddable":true,"href":"https:\/\/magex.point24h.com\/es\/wp-json\/wp\/v2\/users\/3"}],"replies":[{"embeddable":true,"href":"https:\/\/magex.point24h.com\/es\/wp-json\/wp\/v2\/comments?post=14386"}],"version-history":[{"count":5,"href":"https:\/\/magex.point24h.com\/es\/wp-json\/wp\/v2\/pages\/14386\/revisions"}],"predecessor-version":[{"id":24018,"href":"https:\/\/magex.point24h.com\/es\/wp-json\/wp\/v2\/pages\/14386\/revisions\/24018"}],"wp:attachment":[{"href":"https:\/\/magex.point24h.com\/es\/wp-json\/wp\/v2\/media?parent=14386"}],"curies":[{"name":"wp","href":"https:\/\/api.w.org\/{rel}","templated":true}]}}