{"id":13941,"date":"2016-07-19T07:03:28","date_gmt":"2016-07-19T07:03:28","guid":{"rendered":"http:\/\/www.magex.it\/?page_id=13941&#038;lang=es"},"modified":"2021-04-07T10:07:56","modified_gmt":"2021-04-07T09:07:56","slug":"sistema-de-erogacion","status":"publish","type":"page","link":"https:\/\/magex.point24h.com\/es\/sistema-de-erogacion\/","title":{"rendered":"Sistema de erogaci\u00f3n"},"content":{"rendered":"<div class=\"fusion-two-third fusion-layout-column fusion-spacing-yes\" style=\"margin-top:0px;margin-bottom:20px;\"><div class=\"fusion-column-wrapper\"><h2 style=\"text-align: left;\">SISTEMA DE EROGACI\u00d3N PATENTADO<\/h2>\n<div class=\"fusion-sep-clear\"><\/div><div class=\"fusion-separator fusion-full-width-sep sep-single\" style=\"border-color:#e0dede;border-top-width:1px;margin-top:5px;margin-bottom:45px;\"><\/div><div class=\"fusion-sep-clear\"><\/div><div class=\"fusion-separator fusion-full-width-sep sep-none\" style=\"border-color:#e0dede;margin-left: auto;margin-right: auto;margin-top:10px;margin-bottom:10px;\"><\/div><p>El sistema de erogaci\u00f3n patentado Magex, sin espirales, permite organizar el espacio interior de cada distribuidor de manera f\u00e1cil y intuitiva, adapt\u00e1ndolo a contener cualquier tipo de producto.<\/p>\n<div class=\"fusion-sep-clear\"><\/div><div class=\"fusion-separator fusion-full-width-sep sep-none\" style=\"border-color:#e0dede;margin-top:45px;margin-bottom:5px;\"><\/div><div class=\"fusion-button-wrapper\"><style type=\"text\/css\" scoped=\"scoped\">.fusion-button.button-1{width:auto;}<\/style><a class=\"fusion-button button-flat button-round button-xlarge button-lightgray button-1\" target=\"_self\" href=\"https:\/\/www.magex.it\/wp-content\/uploads\/2021\/04\/depliant-sistema-erogazione-Bistore_ENG.pdf\"><span class=\"fusion-button-text\">Ficha t\u00e9cnica sistema de erogaci\u00f3n<\/span><\/a><\/div><div class=\"fusion-sep-clear\"><\/div><div class=\"fusion-separator fusion-full-width-sep sep-none\" style=\"border-color:#e0dede;margin-left: auto;margin-right: auto;margin-top:10px;margin-bottom:10px;\"><\/div><div class=\"fusion-button-wrapper\"><style type=\"text\/css\" scoped=\"scoped\">.fusion-button.button-2{width:auto;}<\/style><a class=\"fusion-button button-flat button-round button-xlarge button-lightgray button-2\" target=\"_self\" href=\"http:\/\/www.magex.it\/sistema-de-erogacion\/software-e-servizi\/?lang=es\"><span class=\"fusion-button-text\">software y servicios<\/span><\/a><\/div><div class=\"fusion-clearfix\"><\/div><\/div><\/div><div class=\"fusion-one-third fusion-layout-column fusion-column-last fusion-spacing-yes\" style=\"margin-top:0px;margin-bottom:20px;\"><div class=\"fusion-column-wrapper\"><span class=\"fusion-imageframe imageframe-none imageframe-1 hover-type-none\"> <img src=\"http:\/\/www.magex.it\/wp-content\/uploads\/2016\/07\/10anniversario-e1468400390440.png\" alt=\"\" class=\"img-responsive\"\/><\/span><div class=\"fusion-clearfix\"><\/div><\/div><\/div><div class=\"fusion-clearfix\"><\/div>\n","protected":false},"excerpt":{"rendered":"","protected":false},"author":3,"featured_media":0,"parent":0,"menu_order":0,"comment_status":"closed","ping_status":"closed","template":"","meta":[],"_links":{"self":[{"href":"https:\/\/magex.point24h.com\/es\/wp-json\/wp\/v2\/pages\/13941"}],"collection":[{"href":"https:\/\/magex.point24h.com\/es\/wp-json\/wp\/v2\/pages"}],"about":[{"href":"https:\/\/magex.point24h.com\/es\/wp-json\/wp\/v2\/types\/page"}],"author":[{"embeddable":true,"href":"https:\/\/magex.point24h.com\/es\/wp-json\/wp\/v2\/users\/3"}],"replies":[{"embeddable":true,"href":"https:\/\/magex.point24h.com\/es\/wp-json\/wp\/v2\/comments?post=13941"}],"version-history":[{"count":8,"href":"https:\/\/magex.point24h.com\/es\/wp-json\/wp\/v2\/pages\/13941\/revisions"}],"predecessor-version":[{"id":24013,"href":"https:\/\/magex.point24h.com\/es\/wp-json\/wp\/v2\/pages\/13941\/revisions\/24013"}],"wp:attachment":[{"href":"https:\/\/magex.point24h.com\/es\/wp-json\/wp\/v2\/media?parent=13941"}],"curies":[{"name":"wp","href":"https:\/\/api.w.org\/{rel}","templated":true}]}}