{"id":15648,"date":"2018-01-15T16:50:47","date_gmt":"2018-01-15T15:50:47","guid":{"rendered":"http:\/\/www.magex.it\/?page_id=15648"},"modified":"2019-05-21T14:11:34","modified_gmt":"2019-05-21T13:11:34","slug":"software-e-servizi","status":"publish","type":"page","link":"https:\/\/magex.point24h.com\/de\/sistema-brevettato2\/software-e-servizi\/","title":{"rendered":"Software und Service"},"content":{"rendered":"<div class=\"fusion-one-third fusion-layout-column fusion-spacing-no\" style=\"margin-top:0px;margin-bottom:20px;\"><div class=\"fusion-column-wrapper\"><span style=\"margin-right:25px;float:left;\" class=\"fusion-imageframe imageframe-none imageframe-1 hover-type-none\"> <img src=\"https:\/\/www.magex.it\/wp-content\/uploads\/2014\/10\/Schermata-2016-07-22-alle-10.12.12.png\" alt=\"\" class=\"img-responsive\"\/><\/span><div class=\"fusion-clearfix\"><\/div><\/div><\/div><div class=\"fusion-two-third fusion-layout-column fusion-column-last fusion-spacing-yes\" style=\"margin-top:0px;margin-bottom:20px;\"><div class=\"fusion-column-wrapper\"><h2 style=\"text-align: left;\"><span style=\"color: #706f6f;\">SOFTWARE<\/span><\/h2>\n<div class=\"fusion-sep-clear\"><\/div><div class=\"fusion-separator fusion-full-width-sep sep-single\" style=\"border-color:#e0dede;border-top-width:1px;margin-top:5px;margin-bottom:35px;\"><\/div><div class=\"fusion-sep-clear\"><\/div><div class=\"fusion-separator fusion-full-width-sep sep-none\" style=\"border-color:#e0dede;margin-left: auto;margin-right: auto;margin-top:10px;margin-bottom:10px;\"><\/div><p>Wir passen die in unseren Automaten installierte <strong>Software<\/strong> den Kundenbed\u00fcrfnissen an, erstellen spezifische <strong>Funktionalit\u00e4ten<\/strong> und passen die grafische Oberfl\u00e4che Ihren Bed\u00fcrfnissen an.<\/p>\n<p>\u2022 Magex Automaten sind zunehmend <em>social<\/em>. Dank der Interaktion mit Twitter wird Ihr Business immer mehr mit Ihren Kunden verbunden.<\/p>\n<p>\u2022 Mit den neuesten Technologien, die in unseren Automaten integriert sind, k\u00f6nnen Ihre Kunden \u00fcber das Bezahlsystem oder \u00fcber die <strong>Android<\/strong>&#8211; und <strong>IOS<\/strong>-Apps einkaufen.<\/p>\n<div class=\"fusion-sep-clear\"><\/div><div class=\"fusion-separator fusion-full-width-sep sep-none\" style=\"border-color:#e0dede;margin-top:45px;\"><\/div><div class=\"fusion-clearfix\"><\/div><\/div><\/div><div class=\"fusion-clearfix\"><\/div><div class=\"fusion-two-third fusion-layout-column fusion-spacing-yes\" style=\"margin-top:0px;margin-bottom:20px;\"><div class=\"fusion-column-wrapper\"><h2 style=\"text-align: left;\"><span style=\"color: #9d9d9d;\">DATENDIENST IN ECHTZEIT<\/span><\/h2>\n<div class=\"fusion-sep-clear\"><\/div><div class=\"fusion-separator fusion-full-width-sep sep-single\" style=\"border-color:#e0dede;border-top-width:1px;margin-top:5px;margin-bottom:35px;\"><\/div><div class=\"fusion-sep-clear\"><\/div><div class=\"fusion-separator fusion-full-width-sep sep-none\" style=\"border-color:#e0dede;margin-left: auto;margin-right: auto;margin-top:10px;margin-bottom:10px;\"><\/div><p>Danke der Webintegration ist es m\u00f6glich den Echtzeit Daten Status der Maschine einzusehen und Umsatzzahlen, Vorratszahlen, geplantle Neustarts, Innentemperatur und viele weitere Informationen downzuloaden.<\/p>\n<div class=\"fusion-sep-clear\"><\/div><div class=\"fusion-separator fusion-full-width-sep sep-none\" style=\"border-color:#e0dede;margin-left: auto;margin-right: auto;margin-top:45px;\"><\/div><div class=\"fusion-clearfix\"><\/div><\/div><\/div><div class=\"fusion-one-third fusion-layout-column fusion-column-last fusion-spacing-yes\" style=\"margin-top:0px;margin-bottom:20px;\"><div class=\"fusion-column-wrapper\"><span style=\"margin-left:25px;float:right;\" class=\"fusion-imageframe imageframe-none imageframe-2 hover-type-none\"> <img src=\"https:\/\/www.magex.it\/wp-content\/uploads\/2014\/10\/SERVIZIO-DATI-IN-TEMPO-REALE.png\" alt=\"\" class=\"img-responsive\"\/><\/span><div class=\"fusion-clearfix\"><\/div><\/div><\/div><div class=\"fusion-clearfix\"><\/div>\n","protected":false},"excerpt":{"rendered":"","protected":false},"author":3,"featured_media":0,"parent":15558,"menu_order":0,"comment_status":"closed","ping_status":"closed","template":"100-width.php","meta":[],"_links":{"self":[{"href":"https:\/\/magex.point24h.com\/de\/wp-json\/wp\/v2\/pages\/15648"}],"collection":[{"href":"https:\/\/magex.point24h.com\/de\/wp-json\/wp\/v2\/pages"}],"about":[{"href":"https:\/\/magex.point24h.com\/de\/wp-json\/wp\/v2\/types\/page"}],"author":[{"embeddable":true,"href":"https:\/\/magex.point24h.com\/de\/wp-json\/wp\/v2\/users\/3"}],"replies":[{"embeddable":true,"href":"https:\/\/magex.point24h.com\/de\/wp-json\/wp\/v2\/comments?post=15648"}],"version-history":[{"count":7,"href":"https:\/\/magex.point24h.com\/de\/wp-json\/wp\/v2\/pages\/15648\/revisions"}],"predecessor-version":[{"id":19868,"href":"https:\/\/magex.point24h.com\/de\/wp-json\/wp\/v2\/pages\/15648\/revisions\/19868"}],"up":[{"embeddable":true,"href":"https:\/\/magex.point24h.com\/de\/wp-json\/wp\/v2\/pages\/15558"}],"wp:attachment":[{"href":"https:\/\/magex.point24h.com\/de\/wp-json\/wp\/v2\/media?parent=15648"}],"curies":[{"name":"wp","href":"https:\/\/api.w.org\/{rel}","templated":true}]}}