{"id":15549,"date":"2017-11-28T14:52:43","date_gmt":"2017-11-28T14:52:43","guid":{"rendered":"http:\/\/www.magex.it\/?page_id=15549"},"modified":"2021-03-31T09:49:14","modified_gmt":"2021-03-31T08:49:14","slug":"about-us","status":"publish","type":"page","link":"https:\/\/magex.point24h.com\/de\/about-us\/","title":{"rendered":"Unternehmen"},"content":{"rendered":"<div class=\"fusion-two-third fusion-layout-column fusion-spacing-yes\" style=\"margin-top:0px;margin-bottom:20px;\"><div class=\"fusion-column-wrapper\"><h2 style=\"text-align: left;\">WIR ENTWERFEN UND PRODUZIEREN SEIT 1998 AUTOMATEN MIT PATENTIERTEM ABGABESYSTEM<\/h2>\n<div class=\"fusion-sep-clear\"><\/div><div class=\"fusion-separator fusion-full-width-sep sep-single\" style=\"border-color:#e0dede;border-top-width:1px;margin-top:5px;margin-bottom:35px;\"><\/div><p>MAGEX ist ein Unternehmen in Vicenza, dass <strong>seit 1998<\/strong> <strong>automatische Verkaufsautomaten entwickelt und herstellt<\/strong>.<br \/>\nDie Magex-Automaten zeichnen sich durch das <strong>patentierte Abgabesystem<\/strong> aus.<br \/>\nSie haben nicht das traditionelle Spiralsystem und <strong>passen sich an alle Kundenbed\u00fcrfnisse an<\/strong>, was den Verkauf jedes Produkts erm\u00f6glicht.<br \/>\nMagex entwirft und fertigt alle Komponenten von Automaten, sowohl Hardware als auch Software, 100% Made in Italy; das Ziel ist immer, ein <strong>einfaches und intuitives Kauferlebnis<\/strong> zu gew\u00e4hrleisten.<br \/>\nWir produzieren mit T\u00dcV zertifiziertem Qualit\u00e4tssystem mit vom T\u00dcV zertifiziertem Qualit\u00e4tssystem.<\/p>\n<div class=\"grammarly-disable-indicator\"><\/div>\n<div class=\"fusion-sep-clear\"><\/div><div class=\"fusion-separator fusion-full-width-sep sep-single\" style=\"border-color:#e0dede;border-top-width:1px;margin-left: auto;margin-right: auto;margin-top:45px;margin-bottom:45px;\"><\/div><div class=\"fusion-content-boxes content-boxes columns fusion-columns-1 fusion-columns-total-1 fusion-content-boxes-1 content-boxes-icon-with-title row content-right\" data-animationOffset=\"100%\" style=\"margin-top:0px;margin-bottom:60px;\"><style type=\"text\/css\" scoped=\"scoped\">.fusion-content-boxes-1 .heading h2{color:#b2b2b2;}\r\n\t\t\t.fusion-content-boxes-1 .fusion-content-box-hover .link-area-link-icon-hover .heading h2,\r\n\t\t\t.fusion-content-boxes-1 .fusion-content-box-hover .link-area-link-icon-hover .heading .heading-link h2,\r\n\t\t\t.fusion-content-boxes-1 .fusion-content-box-hover .link-area-box-hover .heading h2,\r\n\t\t\t.fusion-content-boxes-1 .fusion-content-box-hover .link-area-box-hover .heading .heading-link h2,\r\n\t\t\t.fusion-content-boxes-1 .fusion-content-box-hover .link-area-link-icon-hover.link-area-box .fusion-read-more,\r\n\t\t\t.fusion-content-boxes-1 .fusion-content-box-hover .link-area-link-icon-hover.link-area-box .fusion-read-more::after,\r\n\t\t\t.fusion-content-boxes-1 .fusion-content-box-hover .link-area-link-icon-hover.link-area-box .fusion-read-more::before,\r\n\t\t\t.fusion-content-boxes-1 .fusion-content-box-hover .fusion-read-more:hover:after,\r\n\t\t\t.fusion-content-boxes-1 .fusion-content-box-hover .fusion-read-more:hover:before,\r\n\t\t\t.fusion-content-boxes-1 .fusion-content-box-hover .fusion-read-more:hover,\r\n\t\t\t.fusion-content-boxes-1 .fusion-content-box-hover .link-area-box-hover.link-area-box .fusion-read-more,\r\n\t\t\t.fusion-content-boxes-1 .fusion-content-box-hover .link-area-box-hover.link-area-box .fusion-read-more::after,\r\n\t\t\t.fusion-content-boxes-1 .fusion-content-box-hover .link-area-box-hover.link-area-box .fusion-read-more::before,\r\n\t\t\t.fusion-content-boxes-1 .fusion-content-box-hover .link-area-link-icon-hover .icon .circle-no,\r\n\t\t\t.fusion-content-boxes-1 .fusion-content-box-hover .link-area-box-hover .icon .circle-no {\r\n\t\t\t\tcolor: #6796bf !important;\r\n\t\t\t}\r\n\t\t\t.fusion-content-boxes-1 .fusion-content-box-hover .heading-link:hover .icon i.circle-yes,\r\n\t\t\t.fusion-content-boxes-1 .fusion-content-box-hover .link-area-box:hover .heading-link .icon i.circle-yes,\r\n\t\t\t.fusion-content-boxes-1 .fusion-content-box-hover .link-area-link-icon-hover .heading .icon i.circle-yes,\r\n\t\t\t.fusion-content-boxes-1 .fusion-content-box-hover .link-area-box-hover .heading .icon i.circle-yes {\r\n\t\t\t\tbackground-color: #6796bf !important;\r\n\t\t\t\tborder-color: #6796bf !important;\r\n\t\t\t}<\/style><div class=\"fusion-column content-box-column content-box-column-1 col-lg-12 col-md-12 col-sm-12 fusion-content-box-hover content-box-column-last content-box-column-last-in-row\"><div class=\"col content-wrapper link-area-link-icon link-type-text icon-hover-animation-fade\" style=\"background-color:rgba(255,255,255,0);\"><div class=\"heading heading-with-icon icon-right\"><a class=\"heading-link\" href=\"https:\/\/www.magex.it\/wp-content\/uploads\/2020\/12\/Catalogo_2020_TED-LR.pdf\" target=\"_blank\"><h2 class=\"content-box-heading\" style=\"font-size: 18px;line-height:23px;\">KATALOG MAGEX 2020<\/h2><div class=\"image\"><img src=\"https:\/\/www.magex.it\/wp-content\/uploads\/2017\/11\/icona_infinito.png\" width=\"70\" height=\"70\" alt=\"\" \/><\/div><\/a><\/div><div class=\"fusion-clearfix\"><\/div><div class=\"content-container\" style=\" text-align:right;color:#575656;\">\n<div class=\"grammarly-disable-indicator\"><\/div>\n<\/div><\/div><\/div><div class=\"fusion-clearfix\"><\/div><div class=\"fusion-clearfix\"><\/div><\/div><div class=\"fusion-clearfix\"><\/div><\/div><\/div><div class=\"fusion-one-third fusion-layout-column fusion-column-last fusion-spacing-yes\" style=\"margin-top:0px;margin-bottom:20px;\"><div class=\"fusion-column-wrapper\"><div class=\"imageframe-align-center\"><span class=\"fusion-imageframe imageframe-none imageframe-1 hover-type-none\"> <img src=\"https:\/\/www.magex.it\/wp-content\/uploads\/2014\/10\/TUV-e1468395740610.jpg\" alt=\"\" class=\"img-responsive\"\/><\/span><\/div><div class=\"fusion-sep-clear\"><\/div><div class=\"fusion-separator fusion-full-width-sep sep-none\" style=\"border-color:#e0dede;margin-left: auto;margin-right: auto;margin-top:25px;\"><\/div><p style=\"text-align: center;\">Management System<br \/>\nISO 9001:2015<\/p>\n<div class=\"fusion-clearfix\"><\/div><\/div><\/div><div class=\"fusion-clearfix\"><\/div>\n","protected":false},"excerpt":{"rendered":"","protected":false},"author":3,"featured_media":0,"parent":0,"menu_order":0,"comment_status":"open","ping_status":"open","template":"100-width.php","meta":[],"_links":{"self":[{"href":"https:\/\/magex.point24h.com\/de\/wp-json\/wp\/v2\/pages\/15549"}],"collection":[{"href":"https:\/\/magex.point24h.com\/de\/wp-json\/wp\/v2\/pages"}],"about":[{"href":"https:\/\/magex.point24h.com\/de\/wp-json\/wp\/v2\/types\/page"}],"author":[{"embeddable":true,"href":"https:\/\/magex.point24h.com\/de\/wp-json\/wp\/v2\/users\/3"}],"replies":[{"embeddable":true,"href":"https:\/\/magex.point24h.com\/de\/wp-json\/wp\/v2\/comments?post=15549"}],"version-history":[{"count":15,"href":"https:\/\/magex.point24h.com\/de\/wp-json\/wp\/v2\/pages\/15549\/revisions"}],"predecessor-version":[{"id":23780,"href":"https:\/\/magex.point24h.com\/de\/wp-json\/wp\/v2\/pages\/15549\/revisions\/23780"}],"wp:attachment":[{"href":"https:\/\/magex.point24h.com\/de\/wp-json\/wp\/v2\/media?parent=15549"}],"curies":[{"name":"wp","href":"https:\/\/api.w.org\/{rel}","templated":true}]}}